{"id":17582,"date":"2022-11-22T08:35:34","date_gmt":"2022-11-22T08:35:34","guid":{"rendered":"https:\/\/abetlaminati.com\/abet-collaborations-2\/"},"modified":"2025-10-08T12:45:26","modified_gmt":"2025-10-08T12:45:26","slug":"abet-collaborations","status":"publish","type":"page","link":"https:\/\/abetlaminati.com\/fr\/abet-collaborations\/","title":{"rendered":"Collaborations"},"content":{"rendered":"\t\t<div data-elementor-type=\"wp-page\" data-elementor-id=\"17582\" class=\"elementor elementor-17582 elementor-2080\" data-elementor-post-type=\"page\">\n\t\t\t\t\t\t<section class=\"elementor-section elementor-top-section elementor-element elementor-element-119a4f9c elementor-section-boxed elementor-section-height-default elementor-section-height-default\" data-id=\"119a4f9c\" data-element_type=\"section\">\n\t\t\t\t\t\t<div class=\"elementor-container elementor-column-gap-default\">\n\t\t\t\t\t<div class=\"elementor-column elementor-col-50 elementor-top-column elementor-element elementor-element-58acc1b0\" data-id=\"58acc1b0\" data-element_type=\"column\">\n\t\t\t<div class=\"elementor-widget-wrap elementor-element-populated\">\n\t\t\t\t\t\t<div class=\"elementor-element elementor-element-4f96fcbd elementor-widget elementor-widget-heading\" data-id=\"4f96fcbd\" data-element_type=\"widget\" data-widget_type=\"heading.default\">\n\t\t\t\t<div class=\"elementor-widget-container\">\n\t\t\t\t\t<h2 class=\"elementor-heading-title elementor-size-default\">Collaborations<\/h2>\t\t\t\t<\/div>\n\t\t\t\t<\/div>\n\t\t\t\t<div class=\"elementor-element elementor-element-27a6e0a5 elementor-widget elementor-widget-text-editor\" data-id=\"27a6e0a5\" data-element_type=\"widget\" data-widget_type=\"text-editor.default\">\n\t\t\t\t<div class=\"elementor-widget-container\">\n\t\t\t\t\t\t\t\t\tAbet travaille constamment dans le monde de la cr\u00e9ativit\u00e9 aux c\u00f4t\u00e9s d&rsquo;artistes et de designers internationaux sur d&rsquo;importantes expositions, des projets et des installations et le fait en repoussant les limites des techniques de production et en \u00e9largissant les applications du stratifi\u00e9.\t\t\t\t\t\t\t\t<\/div>\n\t\t\t\t<\/div>\n\t\t\t\t\t<\/div>\n\t\t<\/div>\n\t\t\t\t<div class=\"elementor-column elementor-col-50 elementor-top-column elementor-element elementor-element-7b0ea52c\" data-id=\"7b0ea52c\" data-element_type=\"column\">\n\t\t\t<div class=\"elementor-widget-wrap elementor-element-populated\">\n\t\t\t\t\t\t<div class=\"elementor-element elementor-element-59657d20 elementor-widget__width-initial elementor-widget elementor-widget-image\" data-id=\"59657d20\" data-element_type=\"widget\" data-widget_type=\"image.default\">\n\t\t\t\t<div class=\"elementor-widget-container\">\n\t\t\t\t\t\t\t\t\t\t\t\t\t\t\t<img fetchpriority=\"high\" decoding=\"async\" width=\"800\" height=\"800\" src=\"https:\/\/abetlaminati.com\/wp-content\/uploads\/2022\/11\/icona-lettera_c-1024x1024.jpg\" class=\"attachment-large size-large wp-image-13293\" alt=\"\" srcset=\"https:\/\/abetlaminati.com\/wp-content\/uploads\/2022\/11\/icona-lettera_c-1024x1024.jpg 1024w, https:\/\/abetlaminati.com\/wp-content\/uploads\/2022\/11\/icona-lettera_c-300x300.jpg 300w, https:\/\/abetlaminati.com\/wp-content\/uploads\/2022\/11\/icona-lettera_c-150x150.jpg 150w, https:\/\/abetlaminati.com\/wp-content\/uploads\/2022\/11\/icona-lettera_c-768x768.jpg 768w, https:\/\/abetlaminati.com\/wp-content\/uploads\/2022\/11\/icona-lettera_c.jpg 1500w\" sizes=\"(max-width: 800px) 100vw, 800px\" \/>\t\t\t\t\t\t\t\t\t\t\t\t\t\t\t<\/div>\n\t\t\t\t<\/div>\n\t\t\t\t\t<\/div>\n\t\t<\/div>\n\t\t\t\t\t<\/div>\n\t\t<\/section>\n\t\t\t\t<\/div>\n\t\t","protected":false},"excerpt":{"rendered":"<p>Abet travaille constamment dans le monde de la cr\u00e9ativit\u00e9 aux c\u00f4t\u00e9s d&rsquo;artistes et de designers internationaux sur d&rsquo;importantes expositions, des projets et des installations et le fait en repoussant les limites des techniques de production et en \u00e9largissant les applications du stratifi\u00e9.<\/p>\n","protected":false},"author":1,"featured_media":13293,"parent":0,"menu_order":0,"comment_status":"closed","ping_status":"closed","template":"page-collaborazioni.php","meta":{"_acf_changed":false,"footnotes":""},"class_list":["post-17582","page","type-page","status-publish","has-post-thumbnail","hentry"],"acf":[],"_links":{"self":[{"href":"https:\/\/abetlaminati.com\/fr\/wp-json\/wp\/v2\/pages\/17582","targetHints":{"allow":["GET"]}}],"collection":[{"href":"https:\/\/abetlaminati.com\/fr\/wp-json\/wp\/v2\/pages"}],"about":[{"href":"https:\/\/abetlaminati.com\/fr\/wp-json\/wp\/v2\/types\/page"}],"author":[{"embeddable":true,"href":"https:\/\/abetlaminati.com\/fr\/wp-json\/wp\/v2\/users\/1"}],"replies":[{"embeddable":true,"href":"https:\/\/abetlaminati.com\/fr\/wp-json\/wp\/v2\/comments?post=17582"}],"version-history":[{"count":5,"href":"https:\/\/abetlaminati.com\/fr\/wp-json\/wp\/v2\/pages\/17582\/revisions"}],"predecessor-version":[{"id":33952,"href":"https:\/\/abetlaminati.com\/fr\/wp-json\/wp\/v2\/pages\/17582\/revisions\/33952"}],"wp:featuredmedia":[{"embeddable":true,"href":"https:\/\/abetlaminati.com\/fr\/wp-json\/wp\/v2\/media\/13293"}],"wp:attachment":[{"href":"https:\/\/abetlaminati.com\/fr\/wp-json\/wp\/v2\/media?parent=17582"}],"curies":[{"name":"wp","href":"https:\/\/api.w.org\/{rel}","templated":true}]}}