{"id":35604,"date":"2025-07-16T13:53:21","date_gmt":"2025-07-16T13:53:21","guid":{"rendered":"https:\/\/abetlaminati.com\/re-abet\/"},"modified":"2025-12-16T16:27:14","modified_gmt":"2025-12-16T16:27:14","slug":"re-abet","status":"publish","type":"page","link":"https:\/\/abetlaminati.com\/es\/re-abet\/","title":{"rendered":"Re-Abet"},"content":{"rendered":"\t\t<div data-elementor-type=\"wp-page\" data-elementor-id=\"35604\" class=\"elementor elementor-35604 elementor-30944\" data-elementor-post-type=\"page\">\n\t\t\t\t\t\t<section class=\"elementor-section elementor-top-section elementor-element elementor-element-714987c5 elementor-section-boxed elementor-section-height-default elementor-section-height-default\" data-id=\"714987c5\" data-element_type=\"section\">\n\t\t\t\t\t\t<div class=\"elementor-container elementor-column-gap-default\">\n\t\t\t\t\t<div class=\"elementor-column elementor-col-50 elementor-top-column elementor-element elementor-element-66b165b\" data-id=\"66b165b\" data-element_type=\"column\">\n\t\t\t<div class=\"elementor-widget-wrap elementor-element-populated\">\n\t\t\t\t\t\t<div class=\"elementor-element elementor-element-7ea73846 elementor-widget elementor-widget-heading\" data-id=\"7ea73846\" data-element_type=\"widget\" data-widget_type=\"heading.default\">\n\t\t\t\t<div class=\"elementor-widget-container\">\n\t\t\t\t\t<h1 class=\"elementor-heading-title elementor-size-default\">Re\u2013Abet<\/h1>\t\t\t\t<\/div>\n\t\t\t\t<\/div>\n\t\t\t\t<div class=\"elementor-element elementor-element-cc12f67 elementor-widget elementor-widget-text-editor\" data-id=\"cc12f67\" data-element_type=\"widget\" data-widget_type=\"text-editor.default\">\n\t\t\t\t<div class=\"elementor-widget-container\">\n\t\t\t\t\t\t\t\t\t<strong>fabricado con papel kraft reciclado<\/strong>\t\t\t\t\t\t\t\t<\/div>\n\t\t\t\t<\/div>\n\t\t\t\t<div class=\"elementor-element elementor-element-f1a809f elementor-widget elementor-widget-heading\" data-id=\"f1a809f\" data-element_type=\"widget\" data-widget_type=\"heading.default\">\n\t\t\t\t<div class=\"elementor-widget-container\">\n\t\t\t\t\t<h2 class=\"elementor-heading-title elementor-size-default\">Re-Abet representa la opci\u00f3n sostenible de Abet Laminati: un n\u00facleo fabricado con papel kraft 100% reciclado postconsumo.<\/h2>\t\t\t\t<\/div>\n\t\t\t\t<\/div>\n\t\t\t\t\t<\/div>\n\t\t<\/div>\n\t\t\t\t<div class=\"elementor-column elementor-col-50 elementor-top-column elementor-element elementor-element-488824d8\" data-id=\"488824d8\" data-element_type=\"column\">\n\t\t\t<div class=\"elementor-widget-wrap elementor-element-populated\">\n\t\t\t\t\t\t<div class=\"elementor-element elementor-element-5b35e585 elementor-widget__width-initial elementor-widget elementor-widget-image\" data-id=\"5b35e585\" data-element_type=\"widget\" data-widget_type=\"image.default\">\n\t\t\t\t<div class=\"elementor-widget-container\">\n\t\t\t\t\t\t\t\t\t\t\t\t\t\t\t<img fetchpriority=\"high\" decoding=\"async\" width=\"800\" height=\"800\" src=\"https:\/\/abetlaminati.com\/wp-content\/uploads\/2025\/07\/Abet-Laminati_icona-lettera_Re-Abet-1200x1200.webp\" class=\"attachment-large size-large wp-image-30954\" alt=\"Re-Abet Icon\" srcset=\"https:\/\/abetlaminati.com\/wp-content\/uploads\/2025\/07\/Abet-Laminati_icona-lettera_Re-Abet-1200x1200.webp 1200w, https:\/\/abetlaminati.com\/wp-content\/uploads\/2025\/07\/Abet-Laminati_icona-lettera_Re-Abet-600x600.webp 600w, https:\/\/abetlaminati.com\/wp-content\/uploads\/2025\/07\/Abet-Laminati_icona-lettera_Re-Abet-768x768.webp 768w, https:\/\/abetlaminati.com\/wp-content\/uploads\/2025\/07\/Abet-Laminati_icona-lettera_Re-Abet.webp 1500w\" sizes=\"(max-width: 800px) 100vw, 800px\" \/>\t\t\t\t\t\t\t\t\t\t\t\t\t\t\t<\/div>\n\t\t\t\t<\/div>\n\t\t\t\t\t<\/div>\n\t\t<\/div>\n\t\t\t\t\t<\/div>\n\t\t<\/section>\n\t\t\t\t<section class=\"elementor-section elementor-top-section elementor-element elementor-element-2a211fe8 elementor-section-boxed elementor-section-height-default elementor-section-height-default\" data-id=\"2a211fe8\" data-element_type=\"section\">\n\t\t\t\t\t\t<div class=\"elementor-container elementor-column-gap-default\">\n\t\t\t\t\t<div class=\"elementor-column elementor-col-100 elementor-top-column elementor-element elementor-element-90ec6a6\" data-id=\"90ec6a6\" data-element_type=\"column\">\n\t\t\t<div class=\"elementor-widget-wrap elementor-element-populated\">\n\t\t\t\t\t\t<div class=\"elementor-element elementor-element-337a0026 elementor-widget elementor-widget-image\" data-id=\"337a0026\" data-element_type=\"widget\" data-widget_type=\"image.default\">\n\t\t\t\t<div class=\"elementor-widget-container\">\n\t\t\t\t\t\t\t\t\t\t\t\t\t\t\t<img decoding=\"async\" width=\"2000\" height=\"1432\" src=\"https:\/\/abetlaminati.com\/wp-content\/uploads\/2022\/10\/img-sito_print-hpl_3.jpg\" class=\"attachment-2048x2048 size-2048x2048 wp-image-12857\" alt=\"Strati componenti di un laminato\" srcset=\"https:\/\/abetlaminati.com\/wp-content\/uploads\/2022\/10\/img-sito_print-hpl_3.jpg 2000w, https:\/\/abetlaminati.com\/wp-content\/uploads\/2022\/10\/img-sito_print-hpl_3-300x215.jpg 300w, https:\/\/abetlaminati.com\/wp-content\/uploads\/2022\/10\/img-sito_print-hpl_3-1024x733.jpg 1024w, https:\/\/abetlaminati.com\/wp-content\/uploads\/2022\/10\/img-sito_print-hpl_3-768x550.jpg 768w, https:\/\/abetlaminati.com\/wp-content\/uploads\/2022\/10\/img-sito_print-hpl_3-1536x1100.jpg 1536w\" sizes=\"(max-width: 2000px) 100vw, 2000px\" \/>\t\t\t\t\t\t\t\t\t\t\t\t\t\t\t<\/div>\n\t\t\t\t<\/div>\n\t\t\t\t\t<\/div>\n\t\t<\/div>\n\t\t\t\t\t<\/div>\n\t\t<\/section>\n\t\t\t\t<section class=\"elementor-section elementor-top-section elementor-element elementor-element-7f64316 elementor-section-boxed elementor-section-height-default elementor-section-height-default\" data-id=\"7f64316\" data-element_type=\"section\">\n\t\t\t\t\t\t<div class=\"elementor-container elementor-column-gap-default\">\n\t\t\t\t\t<div class=\"elementor-column elementor-col-50 elementor-top-column elementor-element elementor-element-38c1109\" data-id=\"38c1109\" data-element_type=\"column\">\n\t\t\t<div class=\"elementor-widget-wrap elementor-element-populated\">\n\t\t\t\t\t\t<div class=\"elementor-element elementor-element-b8b19b4 elementor-widget elementor-widget-heading\" data-id=\"b8b19b4\" data-element_type=\"widget\" data-widget_type=\"heading.default\">\n\t\t\t\t<div class=\"elementor-widget-container\">\n\t\t\t\t\t<h2 class=\"elementor-heading-title elementor-size-default\">Los laminados decorativos Abet fabricados con n\u00facleo Re-Abet, tanto finos como gruesos, son extremadamente vers\u00e1tiles, con una excelente durabilidad y atractivo est\u00e9tico.<\/h2>\t\t\t\t<\/div>\n\t\t\t\t<\/div>\n\t\t\t\t\t<\/div>\n\t\t<\/div>\n\t\t\t\t<div class=\"elementor-column elementor-col-50 elementor-top-column elementor-element elementor-element-1657f46d\" data-id=\"1657f46d\" data-element_type=\"column\">\n\t\t\t<div class=\"elementor-widget-wrap elementor-element-populated\">\n\t\t\t\t\t\t<div class=\"elementor-element elementor-element-44130de6 elementor-widget elementor-widget-text-editor\" data-id=\"44130de6\" data-element_type=\"widget\" data-widget_type=\"text-editor.default\">\n\t\t\t\t<div class=\"elementor-widget-container\">\n\t\t\t\t\t\t\t\t\t<p>Higi\u00e9nico, resistente y f\u00e1cil de limpiar, Print Re-Abet es la soluci\u00f3n ideal para aplicaciones horizontales y verticales.<\/p><p><span style=\"font-size: 18px; letter-spacing: 0.03em; word-spacing: 0.07em;\">Compact Re-Abet es un material de alta calidad compuesto por un n\u00facleo compacto \u00fanico y resistente, que garantiza una excelente combinaci\u00f3n de propiedades mec\u00e1nicas: resistencia a la flexi\u00f3n, a la tracci\u00f3n, a la compresi\u00f3n y al impacto.<\/span><\/p>\t\t\t\t\t\t\t\t<\/div>\n\t\t\t\t<\/div>\n\t\t\t\t\t<\/div>\n\t\t<\/div>\n\t\t\t\t\t<\/div>\n\t\t<\/section>\n\t\t\t\t<section class=\"elementor-section elementor-top-section elementor-element elementor-element-d465be0 elementor-section-boxed elementor-section-height-default elementor-section-height-default\" data-id=\"d465be0\" data-element_type=\"section\">\n\t\t\t\t\t\t<div class=\"elementor-container elementor-column-gap-default\">\n\t\t\t\t\t<div class=\"elementor-column elementor-col-100 elementor-top-column elementor-element elementor-element-04e99de\" data-id=\"04e99de\" data-element_type=\"column\">\n\t\t\t<div class=\"elementor-widget-wrap elementor-element-populated\">\n\t\t\t\t\t\t<div class=\"elementor-element elementor-element-b27c848 elementor-widget elementor-widget-heading\" data-id=\"b27c848\" data-element_type=\"widget\" data-widget_type=\"heading.default\">\n\t\t\t\t<div class=\"elementor-widget-container\">\n\t\t\t\t\t<h4 class=\"elementor-heading-title elementor-size-default\">Descargar<\/h4>\t\t\t\t<\/div>\n\t\t\t\t<\/div>\n\t\t\t\t<div class=\"elementor-element elementor-element-a6d9358 elementor-widget elementor-widget-wk_download_standard\" data-id=\"a6d9358\" data-element_type=\"widget\" data-widget_type=\"wk_download_standard.default\">\n\t\t\t\t<div class=\"elementor-widget-container\">\n\t\t\t\t\t<div class=\"wk_download_prodotto \"><div class=\"wk_brochure_container\">\t<a href=\"https:\/\/abetlaminati.com\/wp-content\/uploads\/2025\/02\/Abet-Re-Abet-2025.pdf\" class=\"wk_brochure\" target=\"_blank\" download>\t\t<div class=\"wk_brochure_cover\">\t\t\t<img decoding=\"async\" src=\"https:\/\/abetlaminati.com\/wp-content\/uploads\/2025\/02\/Abet-Re-Abet-2025-COVER-846x1200.jpg\" \/>\t\t<\/div>\t<\/a><\/div><div class=\"wk_documenti_container\"><ul class=\"wk_documenti_lista\"><li class=\"wk_documenti_item \">\t<a href=\"https:\/\/abetlaminati.com\/wp-content\/uploads\/2025\/02\/Abet-Re-Abet-2025.pdf\">\t\t<span class=\"wk_document_icon\">\n\t\t\t\t\t\t\t\t\t\t\t<svg id=\"icona_download\" data-name=\"icona download\" xmlns=\"http:\/\/www.w3.org\/2000\/svg\" width=\"21.614\" height=\"19.595\" viewBox=\"0 0 21.614 19.595\"><path id=\"Tracciato_26\" data-name=\"Tracciato 26\" d=\"M21.264,13.714c-.475.119-.594.594-.594,1.069V18.7c0,.475-.119.594-.594.594H2.856c-.475,0-.594-.119-.594-.594V14.783a1.039,1.039,0,0,0-.594-1.069c-.475-.119-.713,0-1.069.594v6.176a1.206,1.206,0,0,0,1.188.594H21.145a1.158,1.158,0,0,0,1.069-.475V14.308C22.1,13.714,21.739,13.477,21.264,13.714Z\" transform=\"translate(-0.6 -1.482)\"><\/path> <path id=\"Tracciato_27\" data-name=\"Tracciato 27\" d=\"M10.109,18.72a.891.891,0,0,0,1.425,0c1.663-1.544,3.207-3.207,4.75-4.75.475-.475.475-.95.119-1.306s-.831-.356-1.306.119l-2.969,2.969a1.639,1.639,0,0,1-.475.356V4.113a.867.867,0,0,0-.831-.713.785.785,0,0,0-.831.713V16.226c-.238-.356-.238-.475-.356-.475-1.069-1.069-2.019-2.138-3.088-3.088-.475-.475-.95-.475-1.306-.119s-.356.831.119,1.306C6.9,15.514,8.447,17.057,10.109,18.72Z\" transform=\"translate(0.222 -3.4)\"><\/path><\/svg>\n\t\t\t\t\t\t\t\t\t\t<\/span>\t\t<span class=\"wk_document_title\">Re-Abet Brochure <\/span>\t<\/a><\/li><\/ul><\/div><\/div>\t\t\t\t<\/div>\n\t\t\t\t<\/div>\n\t\t\t\t\t<\/div>\n\t\t<\/div>\n\t\t\t\t\t<\/div>\n\t\t<\/section>\n\t\t\t\t<\/div>\n\t\t","protected":false},"excerpt":{"rendered":"<p>Re\u2013Abet fabricado con papel kraft reciclado Re-Abet representa la opci\u00f3n sostenible de Abet Laminati: un n\u00facleo fabricado con papel kraft 100% reciclado postconsumo. Los laminados decorativos Abet fabricados con n\u00facleo Re-Abet, tanto finos como gruesos, son extremadamente vers\u00e1tiles, con una excelente durabilidad y atractivo est\u00e9tico. Higi\u00e9nico, resistente y f\u00e1cil de limpiar, Print Re-Abet es la [&hellip;]<\/p>\n","protected":false},"author":101,"featured_media":30954,"parent":0,"menu_order":0,"comment_status":"closed","ping_status":"closed","template":"","meta":{"_acf_changed":false,"footnotes":""},"class_list":["post-35604","page","type-page","status-publish","has-post-thumbnail","hentry"],"acf":[],"_links":{"self":[{"href":"https:\/\/abetlaminati.com\/es\/wp-json\/wp\/v2\/pages\/35604","targetHints":{"allow":["GET"]}}],"collection":[{"href":"https:\/\/abetlaminati.com\/es\/wp-json\/wp\/v2\/pages"}],"about":[{"href":"https:\/\/abetlaminati.com\/es\/wp-json\/wp\/v2\/types\/page"}],"author":[{"embeddable":true,"href":"https:\/\/abetlaminati.com\/es\/wp-json\/wp\/v2\/users\/101"}],"replies":[{"embeddable":true,"href":"https:\/\/abetlaminati.com\/es\/wp-json\/wp\/v2\/comments?post=35604"}],"version-history":[{"count":7,"href":"https:\/\/abetlaminati.com\/es\/wp-json\/wp\/v2\/pages\/35604\/revisions"}],"predecessor-version":[{"id":36415,"href":"https:\/\/abetlaminati.com\/es\/wp-json\/wp\/v2\/pages\/35604\/revisions\/36415"}],"wp:featuredmedia":[{"embeddable":true,"href":"https:\/\/abetlaminati.com\/es\/wp-json\/wp\/v2\/media\/30954"}],"wp:attachment":[{"href":"https:\/\/abetlaminati.com\/es\/wp-json\/wp\/v2\/media?parent=35604"}],"curies":[{"name":"wp","href":"https:\/\/api.w.org\/{rel}","templated":true}]}}