{"id":17625,"date":"2022-05-12T13:40:05","date_gmt":"2022-05-12T13:40:05","guid":{"rendered":"https:\/\/abetlaminati.com\/design-heritage\/"},"modified":"2025-10-08T12:46:42","modified_gmt":"2025-10-08T12:46:42","slug":"herencia","status":"publish","type":"page","link":"https:\/\/abetlaminati.com\/es\/herencia\/","title":{"rendered":"Herencia"},"content":{"rendered":"\t\t<div data-elementor-type=\"wp-page\" data-elementor-id=\"17625\" class=\"elementor elementor-17625 elementor-80\" data-elementor-post-type=\"page\">\n\t\t\t\t\t\t<section class=\"elementor-section elementor-top-section elementor-element elementor-element-734a2f98 elementor-section-boxed elementor-section-height-default elementor-section-height-default\" data-id=\"734a2f98\" data-element_type=\"section\">\n\t\t\t\t\t\t<div class=\"elementor-container elementor-column-gap-default\">\n\t\t\t\t\t<div class=\"elementor-column elementor-col-50 elementor-top-column elementor-element elementor-element-e25d67f\" data-id=\"e25d67f\" data-element_type=\"column\">\n\t\t\t<div class=\"elementor-widget-wrap elementor-element-populated\">\n\t\t\t\t\t\t<div class=\"elementor-element elementor-element-3566c1cf elementor-widget elementor-widget-heading\" data-id=\"3566c1cf\" data-element_type=\"widget\" data-widget_type=\"heading.default\">\n\t\t\t\t<div class=\"elementor-widget-container\">\n\t\t\t\t\t<h1 class=\"elementor-heading-title elementor-size-default\">Herencia<\/h1>\t\t\t\t<\/div>\n\t\t\t\t<\/div>\n\t\t\t\t<div class=\"elementor-element elementor-element-470c1e42 elementor-widget elementor-widget-text-editor\" data-id=\"470c1e42\" data-element_type=\"widget\" data-widget_type=\"text-editor.default\">\n\t\t\t\t<div class=\"elementor-widget-container\">\n\t\t\t\t\t\t\t\t\tEl amor por la belleza, la pasi\u00f3n por la investigaci\u00f3n, la atenci\u00f3n al cambio y la iniciativa nos han llevado a formar parte de la historia del dise\u00f1o italiano.\t\t\t\t\t\t\t\t<\/div>\n\t\t\t\t<\/div>\n\t\t\t\t\t<\/div>\n\t\t<\/div>\n\t\t\t\t<div class=\"elementor-column elementor-col-50 elementor-top-column elementor-element elementor-element-1d5a9c5b\" data-id=\"1d5a9c5b\" data-element_type=\"column\">\n\t\t\t<div class=\"elementor-widget-wrap elementor-element-populated\">\n\t\t\t\t\t\t<div class=\"elementor-element elementor-element-5cb6bb17 elementor-widget__width-initial elementor-widget elementor-widget-image\" data-id=\"5cb6bb17\" data-element_type=\"widget\" data-widget_type=\"image.default\">\n\t\t\t\t<div class=\"elementor-widget-container\">\n\t\t\t\t\t\t\t\t\t\t\t\t\t\t\t<img fetchpriority=\"high\" decoding=\"async\" width=\"800\" height=\"800\" src=\"https:\/\/abetlaminati.com\/wp-content\/uploads\/2022\/11\/icona-lettera_h-1024x1024.jpg\" class=\"attachment-large size-large wp-image-13302\" alt=\"\" srcset=\"https:\/\/abetlaminati.com\/wp-content\/uploads\/2022\/11\/icona-lettera_h-1024x1024.jpg 1024w, https:\/\/abetlaminati.com\/wp-content\/uploads\/2022\/11\/icona-lettera_h-300x300.jpg 300w, https:\/\/abetlaminati.com\/wp-content\/uploads\/2022\/11\/icona-lettera_h-150x150.jpg 150w, https:\/\/abetlaminati.com\/wp-content\/uploads\/2022\/11\/icona-lettera_h-768x768.jpg 768w, https:\/\/abetlaminati.com\/wp-content\/uploads\/2022\/11\/icona-lettera_h.jpg 1500w\" sizes=\"(max-width: 800px) 100vw, 800px\" \/>\t\t\t\t\t\t\t\t\t\t\t\t\t\t\t<\/div>\n\t\t\t\t<\/div>\n\t\t\t\t\t<\/div>\n\t\t<\/div>\n\t\t\t\t\t<\/div>\n\t\t<\/section>\n\t\t\t\t<section class=\"elementor-section elementor-top-section elementor-element elementor-element-12b70573 elementor-section-boxed elementor-section-height-default elementor-section-height-default\" data-id=\"12b70573\" data-element_type=\"section\">\n\t\t\t\t\t\t<div class=\"elementor-container elementor-column-gap-default\">\n\t\t\t\t\t<div class=\"elementor-column elementor-col-100 elementor-top-column elementor-element elementor-element-40f2a3ff\" data-id=\"40f2a3ff\" data-element_type=\"column\">\n\t\t\t<div class=\"elementor-widget-wrap elementor-element-populated\">\n\t\t\t\t\t\t<div class=\"elementor-element elementor-element-7e237633 elementor-widget elementor-widget-image\" data-id=\"7e237633\" data-element_type=\"widget\" data-widget_type=\"image.default\">\n\t\t\t\t<div class=\"elementor-widget-container\">\n\t\t\t\t\t\t\t\t\t\t\t\t\t\t\t<img decoding=\"async\" width=\"2000\" height=\"1432\" src=\"https:\/\/abetlaminati.com\/wp-content\/uploads\/2023\/02\/img-sito_hero_heritage.jpg\" class=\"attachment-2048x2048 size-2048x2048 wp-image-15428\" alt=\"\" srcset=\"https:\/\/abetlaminati.com\/wp-content\/uploads\/2023\/02\/img-sito_hero_heritage.jpg 2000w, https:\/\/abetlaminati.com\/wp-content\/uploads\/2023\/02\/img-sito_hero_heritage-300x215.jpg 300w, https:\/\/abetlaminati.com\/wp-content\/uploads\/2023\/02\/img-sito_hero_heritage-1024x733.jpg 1024w, https:\/\/abetlaminati.com\/wp-content\/uploads\/2023\/02\/img-sito_hero_heritage-768x550.jpg 768w, https:\/\/abetlaminati.com\/wp-content\/uploads\/2023\/02\/img-sito_hero_heritage-1536x1100.jpg 1536w\" sizes=\"(max-width: 2000px) 100vw, 2000px\" \/>\t\t\t\t\t\t\t\t\t\t\t\t\t\t\t<\/div>\n\t\t\t\t<\/div>\n\t\t\t\t\t<\/div>\n\t\t<\/div>\n\t\t\t\t\t<\/div>\n\t\t<\/section>\n\t\t\t\t<section class=\"elementor-section elementor-top-section elementor-element elementor-element-d7bb99f elementor-section-boxed elementor-section-height-default elementor-section-height-default\" data-id=\"d7bb99f\" data-element_type=\"section\">\n\t\t\t\t\t\t<div class=\"elementor-container elementor-column-gap-default\">\n\t\t\t\t\t<div class=\"elementor-column elementor-col-50 elementor-top-column elementor-element elementor-element-4ea3485\" data-id=\"4ea3485\" data-element_type=\"column\">\n\t\t\t<div class=\"elementor-widget-wrap elementor-element-populated\">\n\t\t\t\t\t\t<div class=\"elementor-element elementor-element-e5a0cad elementor-widget elementor-widget-heading\" data-id=\"e5a0cad\" data-element_type=\"widget\" data-widget_type=\"heading.default\">\n\t\t\t\t<div class=\"elementor-widget-container\">\n\t\t\t\t\t<h2 class=\"elementor-heading-title elementor-size-default\">La colaboraci\u00f3n hist\u00f3rica entre los maestros del dise\u00f1o italiano y Abet Laminati.<\/h2>\t\t\t\t<\/div>\n\t\t\t\t<\/div>\n\t\t\t\t\t<\/div>\n\t\t<\/div>\n\t\t\t\t<div class=\"elementor-column elementor-col-50 elementor-top-column elementor-element elementor-element-49cceb3\" data-id=\"49cceb3\" data-element_type=\"column\">\n\t\t\t<div class=\"elementor-widget-wrap elementor-element-populated\">\n\t\t\t\t\t\t<div class=\"elementor-element elementor-element-4389d31 elementor-widget elementor-widget-text-editor\" data-id=\"4389d31\" data-element_type=\"widget\" data-widget_type=\"text-editor.default\">\n\t\t\t\t<div class=\"elementor-widget-container\">\n\t\t\t\t\t\t\t\t\t<p>Gio Ponti, fundador del dise\u00f1o italiano y maestro indiscutible de la arquitectura moderna define Abet laminado como un \u00abmaterial extraordinario para la arquitectura, el primero no vinculado a la naturaleza, pero desarrollado por el hombre\u00bb. Gracias a esta extraordinaria apertura, Abet adquiere un indiscutible liderazgo en los estudios de dise\u00f1adores, que har\u00e1n historia de la disciplina.\u00a0<\/p><p>A Gio Ponti le seguir\u00e1n Ettore Sottsass, Joe Colombo, Alessandro Mendini y todos los arquitectos y dise\u00f1adores m\u00e1s importantes, que encontrar\u00e1n en la biblioteca de materiales Abet una colecci\u00f3n ideal de muestras para concebir y dar forma a sus ideas.<\/p>\t\t\t\t\t\t\t\t<\/div>\n\t\t\t\t<\/div>\n\t\t\t\t\t<\/div>\n\t\t<\/div>\n\t\t\t\t\t<\/div>\n\t\t<\/section>\n\t\t\t\t<section class=\"elementor-section elementor-top-section elementor-element elementor-element-70f45db elementor-section-height-min-height elementor-section-full_width elementor-section-height-default elementor-section-items-middle\" data-id=\"70f45db\" data-element_type=\"section\" data-settings=\"{&quot;background_background&quot;:&quot;classic&quot;}\">\n\t\t\t\t\t\t<div class=\"elementor-container elementor-column-gap-default\">\n\t\t\t\t\t<div class=\"elementor-column elementor-col-100 elementor-top-column elementor-element elementor-element-bd98d4e\" data-id=\"bd98d4e\" data-element_type=\"column\">\n\t\t\t<div class=\"elementor-widget-wrap\">\n\t\t\t\t\t\t\t<\/div>\n\t\t<\/div>\n\t\t\t\t\t<\/div>\n\t\t<\/section>\n\t\t\t\t<section class=\"elementor-section elementor-top-section elementor-element elementor-element-03ec5ac elementor-section-boxed elementor-section-height-default elementor-section-height-default\" data-id=\"03ec5ac\" data-element_type=\"section\">\n\t\t\t\t\t\t<div class=\"elementor-container elementor-column-gap-default\">\n\t\t\t\t\t<div class=\"elementor-column elementor-col-50 elementor-top-column elementor-element elementor-element-beb99ee\" data-id=\"beb99ee\" data-element_type=\"column\">\n\t\t\t<div class=\"elementor-widget-wrap elementor-element-populated\">\n\t\t\t\t\t\t<div class=\"elementor-element elementor-element-70f8939 elementor-widget elementor-widget-heading\" data-id=\"70f8939\" data-element_type=\"widget\" data-widget_type=\"heading.default\">\n\t\t\t\t<div class=\"elementor-widget-container\">\n\t\t\t\t\t<h2 class=\"elementor-heading-title elementor-size-default\">Dise\u00f1o de pared<\/h2>\t\t\t\t<\/div>\n\t\t\t\t<\/div>\n\t\t\t\t\t<\/div>\n\t\t<\/div>\n\t\t\t\t<div class=\"elementor-column elementor-col-50 elementor-top-column elementor-element elementor-element-b75698f\" data-id=\"b75698f\" data-element_type=\"column\">\n\t\t\t<div class=\"elementor-widget-wrap elementor-element-populated\">\n\t\t\t\t\t\t<div class=\"elementor-element elementor-element-b78624e elementor-widget elementor-widget-text-editor\" data-id=\"b78624e\" data-element_type=\"widget\" data-widget_type=\"text-editor.default\">\n\t\t\t\t<div class=\"elementor-widget-container\">\n\t\t\t\t\t\t\t\t\tTrabajar con dise\u00f1adores, artistas y arquitectos, que hicieron historia del dise\u00f1o y la cultura contempor\u00e1nea ha permitido a Abet empujar continuamente los l\u00edmites m\u00e1s all\u00e1 de las expectativas normales y explorar las posibilidades originales aplicadas al dise\u00f1o de superficies. Nombres que nos han ayudado a construir una dimensi\u00f3n de investigaci\u00f3n t\u00e9cnica y est\u00e9tica que se ha convertido en el hito de la historia de la empresa.\t\t\t\t\t\t\t\t<\/div>\n\t\t\t\t<\/div>\n\t\t\t\t\t<\/div>\n\t\t<\/div>\n\t\t\t\t\t<\/div>\n\t\t<\/section>\n\t\t\t\t<section class=\"elementor-section elementor-top-section elementor-element elementor-element-51dd80dc elementor-section-boxed elementor-section-height-default elementor-section-height-default\" data-id=\"51dd80dc\" data-element_type=\"section\">\n\t\t\t\t\t\t<div class=\"elementor-container elementor-column-gap-default\">\n\t\t\t\t\t<div class=\"elementor-column elementor-col-100 elementor-top-column elementor-element elementor-element-b0ea473\" data-id=\"b0ea473\" data-element_type=\"column\">\n\t\t\t<div class=\"elementor-widget-wrap elementor-element-populated\">\n\t\t\t\t\t\t<div class=\"elementor-element elementor-element-3db31846 wk-design-wall elementor-widget elementor-widget-text-editor\" data-id=\"3db31846\" data-element_type=\"widget\" data-widget_type=\"text-editor.default\">\n\t\t\t\t<div class=\"elementor-widget-container\">\n\t\t\t\t\t\t\t\t\t<p><span style=\"font-weight: 400;\">Achille Castiglioni, Adolfo Natalini, Agustina Bottoni, Alberto Biagetti, Aldo Cibic, Alessandro Mendini, Alessandro Pedretti, Alessandro Guerriero, Andrea Branzi, Antonio Citterio, Antonio De Marco, Arthur Arbesser, Azumi, Barber &amp; Osgerby, Bethan Laura Wood, Bruno Munari, Chiara Moreschi, Christoph Radl, Cini Boeri, Clino Trini Castelli, Cristiano Toraldo di Francia, De Pas D&#8217;Urbino Lomazzi, Denis Santachiara, Diego Grandi, Dorota Koziara, El Ultimo Grito, Enzo Mari, Ettore Sottsass, Fabio Novembre, Federico Angi, Ferruccio Laviani, Francesco Mendini, Franco Purini, Fran\u00e7ois Burkhardt, Gae Aulenti, Getulio Alviani, George J. Sowden, Gio Ponti, Giorgetto Giugiaro, Giorgio De Ferrari, Giulio Iacchetti, Gregotti Associati, Harry &amp; Camila, Isao Hosoe, Italo Rota, James Irvine, Jean Nouvel, Joe Colombo, JoeVelluto, Johanna Grawunder, Juliette Van Der Sanden, Karim Rashid, King &amp; Miranda, Konstantin Grcic, Lorenzo Damiani, Luigi Caccia Dominioni, Marc Sadler, Marcel Wanders, Marcello Morandini, Marco Piva, Marco Zanini, Marco Zanuso, Mario Bellini, Mario Scairato, Martine Bedin, Martinelli Venezia, Masanori Umeda, Massimo Iosa Ghini, Massimo Morozzi, Matteo Ragni, Matteo Thun, Mauro Olivieri, Michael Podgorschek, Michael Sodeau, Michele De Lucchi, Mike Ryan, Nathalie du Pasquier, Nathalie Jean, Odoardo Fioravanti, Panter &amp; Tourron, Paola Navone, Paolo Portoghesi, Patricia Urquiola, Patrick Norguet, Philippe Starck, Piero Gatti, Ricardo Bofill, Richard Hutten, Rodolfo Dordoni, Shigeru Uchida, Theo Williams, Ugo Nespolo, Vico Magistretti, Zanellato Bortotto.<\/span><\/p>\t\t\t\t\t\t\t\t<\/div>\n\t\t\t\t<\/div>\n\t\t\t\t\t<\/div>\n\t\t<\/div>\n\t\t\t\t\t<\/div>\n\t\t<\/section>\n\t\t\t\t<section class=\"elementor-section elementor-top-section elementor-element elementor-element-19f3d2ed elementor-section-boxed elementor-section-height-default elementor-section-height-default\" data-id=\"19f3d2ed\" data-element_type=\"section\">\n\t\t\t\t\t\t<div class=\"elementor-container elementor-column-gap-default\">\n\t\t\t\t\t<div class=\"elementor-column elementor-col-25 elementor-top-column elementor-element elementor-element-1eacc1b2\" data-id=\"1eacc1b2\" data-element_type=\"column\">\n\t\t\t<div class=\"elementor-widget-wrap elementor-element-populated\">\n\t\t\t\t\t\t<div class=\"elementor-element elementor-element-42ca29f3 elementor-widget elementor-widget-image\" data-id=\"42ca29f3\" data-element_type=\"widget\" data-widget_type=\"image.default\">\n\t\t\t\t<div class=\"elementor-widget-container\">\n\t\t\t\t\t\t\t\t\t\t\t\t\t\t\t\t<a href=\"https:\/\/abetlaminati.com\/es\/museum\/\">\n\t\t\t\t\t\t\t<img decoding=\"async\" width=\"768\" height=\"768\" src=\"https:\/\/abetlaminati.com\/wp-content\/uploads\/2022\/10\/icona-brochure_museo-768x768.jpg\" class=\"elementor-animation-sink attachment-medium_large size-medium_large wp-image-12773\" alt=\"\" srcset=\"https:\/\/abetlaminati.com\/wp-content\/uploads\/2022\/10\/icona-brochure_museo-768x768.jpg 768w, https:\/\/abetlaminati.com\/wp-content\/uploads\/2022\/10\/icona-brochure_museo-300x300.jpg 300w, https:\/\/abetlaminati.com\/wp-content\/uploads\/2022\/10\/icona-brochure_museo-1024x1024.jpg 1024w, https:\/\/abetlaminati.com\/wp-content\/uploads\/2022\/10\/icona-brochure_museo-150x150.jpg 150w, https:\/\/abetlaminati.com\/wp-content\/uploads\/2022\/10\/icona-brochure_museo.jpg 1500w\" sizes=\"(max-width: 768px) 100vw, 768px\" \/>\t\t\t\t\t\t\t\t<\/a>\n\t\t\t\t\t\t\t\t\t\t\t\t\t\t\t<\/div>\n\t\t\t\t<\/div>\n\t\t\t\t<div class=\"elementor-element elementor-element-3cdbdbd7 elementor-align-center elementor-widget__width-inherit elementor-widget elementor-widget-button\" data-id=\"3cdbdbd7\" data-element_type=\"widget\" data-widget_type=\"button.default\">\n\t\t\t\t<div class=\"elementor-widget-container\">\n\t\t\t\t\t\t\t\t\t<div class=\"elementor-button-wrapper\">\n\t\t\t\t\t<a class=\"elementor-button elementor-button-link elementor-size-md\" href=\"https:\/\/abetlaminati.com\/es\/museum\/\">\n\t\t\t\t\t\t<span class=\"elementor-button-content-wrapper\">\n\t\t\t\t\t\t\t\t\t<span class=\"elementor-button-text\">Museo<\/span>\n\t\t\t\t\t<\/span>\n\t\t\t\t\t<\/a>\n\t\t\t\t<\/div>\n\t\t\t\t\t\t\t\t<\/div>\n\t\t\t\t<\/div>\n\t\t\t\t\t<\/div>\n\t\t<\/div>\n\t\t\t\t<div class=\"elementor-column elementor-col-25 elementor-top-column elementor-element elementor-element-76f98c83\" data-id=\"76f98c83\" data-element_type=\"column\">\n\t\t\t<div class=\"elementor-widget-wrap elementor-element-populated\">\n\t\t\t\t\t\t<div class=\"elementor-element elementor-element-59797f35 elementor-widget elementor-widget-image\" data-id=\"59797f35\" data-element_type=\"widget\" data-widget_type=\"image.default\">\n\t\t\t\t<div class=\"elementor-widget-container\">\n\t\t\t\t\t\t\t\t\t\t\t\t\t\t\t\t<a href=\"https:\/\/abetlaminati.com\/es\/design-edition-es\/\">\n\t\t\t\t\t\t\t<img loading=\"lazy\" decoding=\"async\" width=\"800\" height=\"800\" src=\"https:\/\/abetlaminati.com\/wp-content\/uploads\/2022\/11\/icona-pagina_design-1024x1024.jpg\" class=\"elementor-animation-sink attachment-large size-large wp-image-13324\" alt=\"\" srcset=\"https:\/\/abetlaminati.com\/wp-content\/uploads\/2022\/11\/icona-pagina_design-1024x1024.jpg 1024w, https:\/\/abetlaminati.com\/wp-content\/uploads\/2022\/11\/icona-pagina_design-300x300.jpg 300w, https:\/\/abetlaminati.com\/wp-content\/uploads\/2022\/11\/icona-pagina_design-150x150.jpg 150w, https:\/\/abetlaminati.com\/wp-content\/uploads\/2022\/11\/icona-pagina_design-768x768.jpg 768w, https:\/\/abetlaminati.com\/wp-content\/uploads\/2022\/11\/icona-pagina_design.jpg 1500w\" sizes=\"(max-width: 800px) 100vw, 800px\" \/>\t\t\t\t\t\t\t\t<\/a>\n\t\t\t\t\t\t\t\t\t\t\t\t\t\t\t<\/div>\n\t\t\t\t<\/div>\n\t\t\t\t<div class=\"elementor-element elementor-element-8fff183 elementor-align-center elementor-widget__width-inherit elementor-widget elementor-widget-button\" data-id=\"8fff183\" data-element_type=\"widget\" data-widget_type=\"button.default\">\n\t\t\t\t<div class=\"elementor-widget-container\">\n\t\t\t\t\t\t\t\t\t<div class=\"elementor-button-wrapper\">\n\t\t\t\t\t<a class=\"elementor-button elementor-button-link elementor-size-md\" href=\"https:\/\/abetlaminati.com\/es\/design-edition-es\/\">\n\t\t\t\t\t\t<span class=\"elementor-button-content-wrapper\">\n\t\t\t\t\t\t\t\t\t<span class=\"elementor-button-text\">Design Edition<\/span>\n\t\t\t\t\t<\/span>\n\t\t\t\t\t<\/a>\n\t\t\t\t<\/div>\n\t\t\t\t\t\t\t\t<\/div>\n\t\t\t\t<\/div>\n\t\t\t\t\t<\/div>\n\t\t<\/div>\n\t\t\t\t<div class=\"elementor-column elementor-col-25 elementor-top-column elementor-element elementor-element-2e64e0fd\" data-id=\"2e64e0fd\" data-element_type=\"column\">\n\t\t\t<div class=\"elementor-widget-wrap elementor-element-populated\">\n\t\t\t\t\t\t<div class=\"elementor-element elementor-element-2a467868 elementor-widget elementor-widget-image\" data-id=\"2a467868\" data-element_type=\"widget\" data-widget_type=\"image.default\">\n\t\t\t\t<div class=\"elementor-widget-container\">\n\t\t\t\t\t\t\t\t\t\t\t\t\t\t\t\t<a href=\"https:\/\/abetlaminati.com\/es\/proyectos\/\">\n\t\t\t\t\t\t\t<img loading=\"lazy\" decoding=\"async\" width=\"768\" height=\"768\" src=\"https:\/\/abetlaminati.com\/wp-content\/uploads\/2022\/11\/icona-lettera_p-768x768.jpg\" class=\"elementor-animation-sink attachment-medium_large size-medium_large wp-image-13308\" alt=\"\" srcset=\"https:\/\/abetlaminati.com\/wp-content\/uploads\/2022\/11\/icona-lettera_p-768x768.jpg 768w, https:\/\/abetlaminati.com\/wp-content\/uploads\/2022\/11\/icona-lettera_p-300x300.jpg 300w, https:\/\/abetlaminati.com\/wp-content\/uploads\/2022\/11\/icona-lettera_p-1024x1024.jpg 1024w, https:\/\/abetlaminati.com\/wp-content\/uploads\/2022\/11\/icona-lettera_p-150x150.jpg 150w, https:\/\/abetlaminati.com\/wp-content\/uploads\/2022\/11\/icona-lettera_p.jpg 1500w\" sizes=\"(max-width: 768px) 100vw, 768px\" \/>\t\t\t\t\t\t\t\t<\/a>\n\t\t\t\t\t\t\t\t\t\t\t\t\t\t\t<\/div>\n\t\t\t\t<\/div>\n\t\t\t\t<div class=\"elementor-element elementor-element-79dff77a elementor-align-center elementor-widget__width-inherit elementor-widget elementor-widget-button\" data-id=\"79dff77a\" data-element_type=\"widget\" data-widget_type=\"button.default\">\n\t\t\t\t<div class=\"elementor-widget-container\">\n\t\t\t\t\t\t\t\t\t<div class=\"elementor-button-wrapper\">\n\t\t\t\t\t<a class=\"elementor-button elementor-button-link elementor-size-md\" href=\"https:\/\/abetlaminati.com\/es\/proyectos\/\">\n\t\t\t\t\t\t<span class=\"elementor-button-content-wrapper\">\n\t\t\t\t\t\t\t\t\t<span class=\"elementor-button-text\">Proyectos<\/span>\n\t\t\t\t\t<\/span>\n\t\t\t\t\t<\/a>\n\t\t\t\t<\/div>\n\t\t\t\t\t\t\t\t<\/div>\n\t\t\t\t<\/div>\n\t\t\t\t\t<\/div>\n\t\t<\/div>\n\t\t\t\t<div class=\"elementor-column elementor-col-25 elementor-top-column elementor-element elementor-element-720a4366\" data-id=\"720a4366\" data-element_type=\"column\">\n\t\t\t<div class=\"elementor-widget-wrap elementor-element-populated\">\n\t\t\t\t\t\t<div class=\"elementor-element elementor-element-4023e7ac elementor-widget elementor-widget-image\" data-id=\"4023e7ac\" data-element_type=\"widget\" data-widget_type=\"image.default\">\n\t\t\t\t<div class=\"elementor-widget-container\">\n\t\t\t\t\t\t\t\t\t\t\t\t\t\t\t\t<a href=\"https:\/\/abetlaminati.com\/es\/abet-collaborations\/\">\n\t\t\t\t\t\t\t<img loading=\"lazy\" decoding=\"async\" width=\"768\" height=\"768\" src=\"https:\/\/abetlaminati.com\/wp-content\/uploads\/2022\/11\/icona-lettera_c-768x768.jpg\" class=\"elementor-animation-sink attachment-medium_large size-medium_large wp-image-13294\" alt=\"\" srcset=\"https:\/\/abetlaminati.com\/wp-content\/uploads\/2022\/11\/icona-lettera_c-768x768.jpg 768w, https:\/\/abetlaminati.com\/wp-content\/uploads\/2022\/11\/icona-lettera_c-300x300.jpg 300w, https:\/\/abetlaminati.com\/wp-content\/uploads\/2022\/11\/icona-lettera_c-1024x1024.jpg 1024w, https:\/\/abetlaminati.com\/wp-content\/uploads\/2022\/11\/icona-lettera_c-150x150.jpg 150w, https:\/\/abetlaminati.com\/wp-content\/uploads\/2022\/11\/icona-lettera_c.jpg 1500w\" sizes=\"(max-width: 768px) 100vw, 768px\" \/>\t\t\t\t\t\t\t\t<\/a>\n\t\t\t\t\t\t\t\t\t\t\t\t\t\t\t<\/div>\n\t\t\t\t<\/div>\n\t\t\t\t<div class=\"elementor-element elementor-element-3346bd4 elementor-align-center elementor-widget__width-inherit elementor-widget elementor-widget-button\" data-id=\"3346bd4\" data-element_type=\"widget\" data-widget_type=\"button.default\">\n\t\t\t\t<div class=\"elementor-widget-container\">\n\t\t\t\t\t\t\t\t\t<div class=\"elementor-button-wrapper\">\n\t\t\t\t\t<a class=\"elementor-button elementor-button-link elementor-size-md\" href=\"https:\/\/abetlaminati.com\/es\/abet-collaborations\/\">\n\t\t\t\t\t\t<span class=\"elementor-button-content-wrapper\">\n\t\t\t\t\t\t\t\t\t<span class=\"elementor-button-text\">Colaboraciones<\/span>\n\t\t\t\t\t<\/span>\n\t\t\t\t\t<\/a>\n\t\t\t\t<\/div>\n\t\t\t\t\t\t\t\t<\/div>\n\t\t\t\t<\/div>\n\t\t\t\t\t<\/div>\n\t\t<\/div>\n\t\t\t\t\t<\/div>\n\t\t<\/section>\n\t\t\t\t<\/div>\n\t\t","protected":false},"excerpt":{"rendered":"<p>El amor por la belleza, la pasi\u00f3n por la investigaci\u00f3n, la atenci\u00f3n al cambio y la iniciativa nos han llevado a formar parte de la historia del dise\u00f1o italiano. La colaboraci\u00f3n hist\u00f3rica entre los maestros del dise\u00f1o italiano y Abet Laminati. Gio Ponti, fundador del dise\u00f1o italiano y maestro indiscutible de la arquitectura moderna define [&hellip;]<\/p>\n","protected":false},"author":1,"featured_media":13302,"parent":0,"menu_order":0,"comment_status":"closed","ping_status":"closed","template":"","meta":{"_acf_changed":false,"footnotes":""},"class_list":["post-17625","page","type-page","status-publish","has-post-thumbnail","hentry"],"acf":[],"_links":{"self":[{"href":"https:\/\/abetlaminati.com\/es\/wp-json\/wp\/v2\/pages\/17625","targetHints":{"allow":["GET"]}}],"collection":[{"href":"https:\/\/abetlaminati.com\/es\/wp-json\/wp\/v2\/pages"}],"about":[{"href":"https:\/\/abetlaminati.com\/es\/wp-json\/wp\/v2\/types\/page"}],"author":[{"embeddable":true,"href":"https:\/\/abetlaminati.com\/es\/wp-json\/wp\/v2\/users\/1"}],"replies":[{"embeddable":true,"href":"https:\/\/abetlaminati.com\/es\/wp-json\/wp\/v2\/comments?post=17625"}],"version-history":[{"count":12,"href":"https:\/\/abetlaminati.com\/es\/wp-json\/wp\/v2\/pages\/17625\/revisions"}],"predecessor-version":[{"id":33958,"href":"https:\/\/abetlaminati.com\/es\/wp-json\/wp\/v2\/pages\/17625\/revisions\/33958"}],"wp:featuredmedia":[{"embeddable":true,"href":"https:\/\/abetlaminati.com\/es\/wp-json\/wp\/v2\/media\/13302"}],"wp:attachment":[{"href":"https:\/\/abetlaminati.com\/es\/wp-json\/wp\/v2\/media?parent=17625"}],"curies":[{"name":"wp","href":"https:\/\/api.w.org\/{rel}","templated":true}]}}