{"id":17562,"date":"2022-12-19T13:44:16","date_gmt":"2022-12-19T13:44:16","guid":{"rendered":"https:\/\/abetlaminati.com\/network\/"},"modified":"2025-08-26T13:36:00","modified_gmt":"2025-08-26T13:36:00","slug":"red-de-ventas","status":"publish","type":"page","link":"https:\/\/abetlaminati.com\/es\/red-de-ventas\/","title":{"rendered":"Red de ventas"},"content":{"rendered":"\t\t<div data-elementor-type=\"wp-page\" data-elementor-id=\"17562\" class=\"elementor elementor-17562 elementor-5007\" data-elementor-post-type=\"page\">\n\t\t\t\t\t\t<section class=\"elementor-section elementor-top-section elementor-element elementor-element-3aeaf5c6 elementor-section-boxed elementor-section-height-default elementor-section-height-default\" data-id=\"3aeaf5c6\" data-element_type=\"section\">\n\t\t\t\t\t\t<div class=\"elementor-container elementor-column-gap-default\">\n\t\t\t\t\t<div class=\"elementor-column elementor-col-50 elementor-top-column elementor-element elementor-element-58d0c9a8\" data-id=\"58d0c9a8\" data-element_type=\"column\">\n\t\t\t<div class=\"elementor-widget-wrap elementor-element-populated\">\n\t\t\t\t\t\t<div class=\"elementor-element elementor-element-4047fd10 elementor-widget elementor-widget-heading\" data-id=\"4047fd10\" data-element_type=\"widget\" data-widget_type=\"heading.default\">\n\t\t\t\t<div class=\"elementor-widget-container\">\n\t\t\t\t\t<h2 class=\"elementor-heading-title elementor-size-default\">Red de ventas\n<\/h2>\t\t\t\t<\/div>\n\t\t\t\t<\/div>\n\t\t\t\t<div class=\"elementor-element elementor-element-649f912a elementor-widget elementor-widget-text-editor\" data-id=\"649f912a\" data-element_type=\"widget\" data-widget_type=\"text-editor.default\">\n\t\t\t\t<div class=\"elementor-widget-container\">\n\t\t\t\t\t\t\t\t\t<p>Nuestro equipo de t\u00e9cnicos profesionales est\u00e1 a su disposici\u00f3n y le acompa\u00f1ar\u00e1 para elaborar su proyecto con nuevas ideas y soluciones.<\/p>\t\t\t\t\t\t\t\t<\/div>\n\t\t\t\t<\/div>\n\t\t\t\t\t<\/div>\n\t\t<\/div>\n\t\t\t\t<div class=\"elementor-column elementor-col-50 elementor-top-column elementor-element elementor-element-458c2761\" data-id=\"458c2761\" data-element_type=\"column\">\n\t\t\t<div class=\"elementor-widget-wrap elementor-element-populated\">\n\t\t\t\t\t\t<div class=\"elementor-element elementor-element-759aa141 elementor-widget__width-initial elementor-widget elementor-widget-image\" data-id=\"759aa141\" data-element_type=\"widget\" data-widget_type=\"image.default\">\n\t\t\t\t<div class=\"elementor-widget-container\">\n\t\t\t\t\t\t\t\t\t\t\t\t\t\t\t<img fetchpriority=\"high\" decoding=\"async\" width=\"800\" height=\"800\" src=\"https:\/\/abetlaminati.com\/wp-content\/uploads\/2022\/12\/icona-pagina_network-1024x1024.jpg\" class=\"attachment-large size-large wp-image-13640\" alt=\"\" srcset=\"https:\/\/abetlaminati.com\/wp-content\/uploads\/2022\/12\/icona-pagina_network-1024x1024.jpg 1024w, https:\/\/abetlaminati.com\/wp-content\/uploads\/2022\/12\/icona-pagina_network-300x300.jpg 300w, https:\/\/abetlaminati.com\/wp-content\/uploads\/2022\/12\/icona-pagina_network-150x150.jpg 150w, https:\/\/abetlaminati.com\/wp-content\/uploads\/2022\/12\/icona-pagina_network-768x768.jpg 768w, https:\/\/abetlaminati.com\/wp-content\/uploads\/2022\/12\/icona-pagina_network.jpg 1500w\" sizes=\"(max-width: 800px) 100vw, 800px\" \/>\t\t\t\t\t\t\t\t\t\t\t\t\t\t\t<\/div>\n\t\t\t\t<\/div>\n\t\t\t\t\t<\/div>\n\t\t<\/div>\n\t\t\t\t\t<\/div>\n\t\t<\/section>\n\t\t\t\t<section class=\"elementor-section elementor-top-section elementor-element elementor-element-72748ed elementor-section-boxed elementor-section-height-default elementor-section-height-default\" data-id=\"72748ed\" data-element_type=\"section\">\n\t\t\t\t\t\t<div class=\"elementor-container elementor-column-gap-default\">\n\t\t\t\t\t<div class=\"elementor-column elementor-col-50 elementor-top-column elementor-element elementor-element-3790a5b5\" data-id=\"3790a5b5\" data-element_type=\"column\">\n\t\t\t<div class=\"elementor-widget-wrap elementor-element-populated\">\n\t\t\t\t\t\t<div class=\"elementor-element elementor-element-31025007 elementor-widget elementor-widget-heading\" data-id=\"31025007\" data-element_type=\"widget\" data-widget_type=\"heading.default\">\n\t\t\t\t<div class=\"elementor-widget-container\">\n\t\t\t\t\t<h2 class=\"elementor-heading-title elementor-size-default\">Casa matriz\n<\/h2>\t\t\t\t<\/div>\n\t\t\t\t<\/div>\n\t\t\t\t<section class=\"elementor-section elementor-inner-section elementor-element elementor-element-787d0e2c elementor-section-boxed elementor-section-height-default elementor-section-height-default\" data-id=\"787d0e2c\" data-element_type=\"section\">\n\t\t\t\t\t\t<div class=\"elementor-container elementor-column-gap-default\">\n\t\t\t\t\t<div class=\"elementor-column elementor-col-50 elementor-inner-column elementor-element elementor-element-1e51f062\" data-id=\"1e51f062\" data-element_type=\"column\">\n\t\t\t<div class=\"elementor-widget-wrap elementor-element-populated\">\n\t\t\t\t\t\t<div class=\"elementor-element elementor-element-38442c21 elementor-widget elementor-widget-heading\" data-id=\"38442c21\" data-element_type=\"widget\" data-widget_type=\"heading.default\">\n\t\t\t\t<div class=\"elementor-widget-container\">\n\t\t\t\t\t<h5 class=\"elementor-heading-title elementor-size-default\">ABET LAMINATI S.p.A.<\/h5>\t\t\t\t<\/div>\n\t\t\t\t<\/div>\n\t\t\t\t<div class=\"elementor-element elementor-element-4a32ed31 elementor-widget elementor-widget-text-editor\" data-id=\"4a32ed31\" data-element_type=\"widget\" data-widget_type=\"text-editor.default\">\n\t\t\t\t<div class=\"elementor-widget-container\">\n\t\t\t\t\t\t\t\t\t<p>Viale Industria 21<br \/>12042 Bra (CN)<br \/>Italy<\/p><p>+39 0172 419111<br \/><a class=\"in-cell-link\" href=\"mailto:info@abetlaminati.com\" target=\"_blank\" rel=\"noopener\">info@abetlaminati.com<\/a><\/p>\t\t\t\t\t\t\t\t<\/div>\n\t\t\t\t<\/div>\n\t\t\t\t\t<\/div>\n\t\t<\/div>\n\t\t\t\t<div class=\"elementor-column elementor-col-50 elementor-inner-column elementor-element elementor-element-4d07099e\" data-id=\"4d07099e\" data-element_type=\"column\">\n\t\t\t<div class=\"elementor-widget-wrap elementor-element-populated\">\n\t\t\t\t\t\t<div class=\"elementor-element elementor-element-3be17a2c elementor-widget elementor-widget-heading\" data-id=\"3be17a2c\" data-element_type=\"widget\" data-widget_type=\"heading.default\">\n\t\t\t\t<div class=\"elementor-widget-container\">\n\t\t\t\t\t<h5 class=\"elementor-heading-title elementor-size-default\">ABET USA Inc<\/h5>\t\t\t\t<\/div>\n\t\t\t\t<\/div>\n\t\t\t\t<div class=\"elementor-element elementor-element-5c43188b elementor-widget elementor-widget-text-editor\" data-id=\"5c43188b\" data-element_type=\"widget\" data-widget_type=\"text-editor.default\">\n\t\t\t\t<div class=\"elementor-widget-container\">\n\t\t\t\t\t\t\t\t\t<p>N48W37031 E. Wisconsin Ave<br \/>Oconomowoc, WI 53066-3146<br \/>United States<\/p><p>+1 262-567-4427<br \/><a class=\"in-cell-link\" href=\"mailto:sales.us@abetlaminati.com\" target=\"_blank\" rel=\"noopener\">sales.us@abetlaminati.com<\/a><\/p><div>\u00a0<\/div><div>\u00a0<\/div><div>\u00a0<\/div>\t\t\t\t\t\t\t\t<\/div>\n\t\t\t\t<\/div>\n\t\t\t\t\t<\/div>\n\t\t<\/div>\n\t\t\t\t\t<\/div>\n\t\t<\/section>\n\t\t\t\t\t<\/div>\n\t\t<\/div>\n\t\t\t\t<div class=\"elementor-column elementor-col-50 elementor-top-column elementor-element elementor-element-4e8e6bc7\" data-id=\"4e8e6bc7\" data-element_type=\"column\">\n\t\t\t<div class=\"elementor-widget-wrap elementor-element-populated\">\n\t\t\t\t\t\t<div class=\"elementor-element elementor-element-7a7e34d4 elementor-widget elementor-widget-text-editor\" data-id=\"7a7e34d4\" data-element_type=\"widget\" data-widget_type=\"text-editor.default\">\n\t\t\t\t<div class=\"elementor-widget-container\">\n\t\t\t\t\t\t\t\t\t<p>\u00a0<\/p><div>\u00a0<\/div><div>\u00a0<\/div><div>\u00a0<\/div>\t\t\t\t\t\t\t\t<\/div>\n\t\t\t\t<\/div>\n\t\t\t\t\t<\/div>\n\t\t<\/div>\n\t\t\t\t\t<\/div>\n\t\t<\/section>\n\t\t\t\t<section class=\"elementor-section elementor-top-section elementor-element elementor-element-3e88966 elementor-section-full_width elementor-section-height-default elementor-section-height-default\" data-id=\"3e88966\" data-element_type=\"section\">\n\t\t\t\t\t\t<div class=\"elementor-container elementor-column-gap-default\">\n\t\t\t\t\t<div class=\"elementor-column elementor-col-50 elementor-top-column elementor-element elementor-element-4789ccf\" data-id=\"4789ccf\" data-element_type=\"column\">\n\t\t\t<div class=\"elementor-widget-wrap elementor-element-populated\">\n\t\t\t\t\t\t\t<\/div>\n\t\t<\/div>\n\t\t\t\t<div class=\"elementor-column elementor-col-50 elementor-top-column elementor-element elementor-element-c2ca758\" data-id=\"c2ca758\" data-element_type=\"column\">\n\t\t\t<div class=\"elementor-widget-wrap elementor-element-populated\">\n\t\t\t\t\t\t<div class=\"elementor-element elementor-element-bafa38e elementor-position-left elementor-widget__width-auto elementor-widget-tablet__width-inherit elementor-vertical-align-top elementor-widget elementor-widget-image-box\" data-id=\"bafa38e\" data-element_type=\"widget\" data-widget_type=\"image-box.default\">\n\t\t\t\t<div class=\"elementor-widget-container\">\n\t\t\t\t\t<div class=\"elementor-image-box-wrapper\"><figure class=\"elementor-image-box-img\"><img decoding=\"async\" src=\"https:\/\/abetlaminati.com\/wp-content\/uploads\/elementor\/thumbs\/pin-nero-pzjh05x63lr9qssyym95zikpjc45ff4qc7kdqw2wlq.png\" title=\"pin-nero\" alt=\"pin-nero\" loading=\"lazy\" \/><\/figure><div class=\"elementor-image-box-content\"><p class=\"elementor-image-box-title\">Agentes y Distribuidores<\/p><\/div><\/div>\t\t\t\t<\/div>\n\t\t\t\t<\/div>\n\t\t\t\t<div class=\"elementor-element elementor-element-a2b812b elementor-position-left elementor-widget__width-auto elementor-widget-tablet__width-inherit elementor-vertical-align-top elementor-widget elementor-widget-image-box\" data-id=\"a2b812b\" data-element_type=\"widget\" data-widget_type=\"image-box.default\">\n\t\t\t\t<div class=\"elementor-widget-container\">\n\t\t\t\t\t<div class=\"elementor-image-box-wrapper\"><figure class=\"elementor-image-box-img\"><img decoding=\"async\" src=\"https:\/\/abetlaminati.com\/wp-content\/uploads\/elementor\/thumbs\/pin-bordo-nero-1-pzjhh30l48x2q4885xjev8veh0pzzaasnyb0q6zsm0.png\" title=\"pin-bordo-nero\" alt=\"pin-bordo-nero\" loading=\"lazy\" \/><\/figure><div class=\"elementor-image-box-content\"><p class=\"elementor-image-box-title\">Filiales<\/p><\/div><\/div>\t\t\t\t<\/div>\n\t\t\t\t<\/div>\n\t\t\t\t<div class=\"elementor-element elementor-element-1d4bed3 elementor-position-left elementor-widget__width-auto elementor-widget-tablet__width-inherit elementor-vertical-align-top elementor-widget elementor-widget-image-box\" data-id=\"1d4bed3\" data-element_type=\"widget\" data-widget_type=\"image-box.default\">\n\t\t\t\t<div class=\"elementor-widget-container\">\n\t\t\t\t\t<div class=\"elementor-image-box-wrapper\"><figure class=\"elementor-image-box-img\"><img decoding=\"async\" src=\"https:\/\/abetlaminati.com\/wp-content\/uploads\/elementor\/thumbs\/pin-giallo-pzjh05x64hbzkff5rh3jghu2r08arxr806cj125r14.png\" title=\"pin-giallo\" alt=\"pin-giallo\" loading=\"lazy\" \/><\/figure><div class=\"elementor-image-box-content\"><p class=\"elementor-image-box-title\">Distribuidores<\/p><\/div><\/div>\t\t\t\t<\/div>\n\t\t\t\t<\/div>\n\t\t\t\t\t<\/div>\n\t\t<\/div>\n\t\t\t\t\t<\/div>\n\t\t<\/section>\n\t\t\t\t<section class=\"elementor-section elementor-top-section elementor-element elementor-element-e4239e6 elementor-section-full_width elementor-section-height-default elementor-section-height-default\" data-id=\"e4239e6\" data-element_type=\"section\">\n\t\t\t\t\t\t<div class=\"elementor-container elementor-column-gap-default\">\n\t\t\t\t\t<div class=\"elementor-column elementor-col-100 elementor-top-column elementor-element elementor-element-7c11ccb\" data-id=\"7c11ccb\" data-element_type=\"column\">\n\t\t\t<div class=\"elementor-widget-wrap elementor-element-populated\">\n\t\t\t\t\t\t<div class=\"elementor-element elementor-element-a810b0d elementor-widget elementor-widget-shortcode\" data-id=\"a810b0d\" data-element_type=\"widget\" data-widget_type=\"shortcode.default\">\n\t\t\t\t<div class=\"elementor-widget-container\">\n\t\t\t\t\t\t\t<div class=\"elementor-shortcode\"><style>\r\n\t#wpsl-stores .wpsl-store-thumb {height:45px !important; width:45px !important;}\r\n\t#wpsl-stores, #wpsl-direction-details, #wpsl-gmap {height:600px !important;}\r\n\t#wpsl-gmap .wpsl-info-window {max-width:225px !important;}\r\n\t.wpsl-input label, #wpsl-radius label, #wpsl-category label {width:95px;}\r\n\t#wpsl-search-input  {width:179px;}\r\n<\/style>\r\n<div id=\"wpsl-wrap\" class=\"wpsl-store-below wk-flex-store\">\r\n\t<div id=\"wpsl-gmap\" class=\"wpsl-gmap-canvas\"><\/div>\r\n\t<div class=\"wk-flex-store wk-stores-container\">\r\n\t<div class=\"wpsl-search wpsl-clearfix wpsl-checkboxes-enabled\">\r\n\t\t<div id=\"wpsl-search-wrap\">\r\n\t\t\t<form autocomplete=\"off\">\r\n\t\t\t<div class=\"wpsl-input\">\r\n\t\t\t\t<div class=\"wk-location\"><label for=\"wpsl-search-input\">Su localizaci\u00f3n<\/label><\/div>\r\n\t\t\t\t<input id=\"wpsl-search-input\" type=\"text\" value=\"\" name=\"wpsl-search-input\" placeholder=\"\" aria-required=\"true\" \/>\r\n\t\t\t<\/div>\r\n<ul id=\"wpsl-checkbox-filter\" class=\"wpsl-checkbox-3-columns\"><li><label><input type=\"checkbox\" value=\"77\"  \/>Agents &amp; Distributors<\/label><\/li><li><label><input type=\"checkbox\" value=\"76\"  \/>Branches<\/label><\/li><li><label><input type=\"checkbox\" value=\"79\"  \/>Dealers<\/label><\/li><\/ul>\t\t\t\t<div class=\"wpsl-search-btn-wrap\"><input id=\"wpsl-search-btn\" type=\"submit\" value=\"Buscar\"><\/div>\r\n\t\t<\/form>\r\n\t\t<\/div>\r\n\t<\/div>\r\n\t<div id=\"wpsl-result-list\">\r\n\t\t<div id=\"wpsl-stores\" >\r\n\t\t\t<ul><\/ul>\r\n\t\t<\/div>\r\n\t\t<div id=\"wpsl-direction-details\">\r\n\t\t\t<ul><\/ul>\r\n\t\t<\/div>\r\n\t<\/div>\r\n\t<\/div>\r\n<\/div><br\/><br\/>\r\n<\/div>\n\t\t\t\t\t\t<\/div>\n\t\t\t\t<\/div>\n\t\t\t\t\t<\/div>\n\t\t<\/div>\n\t\t\t\t\t<\/div>\n\t\t<\/section>\n\t\t\t\t<\/div>\n\t\t","protected":false},"excerpt":{"rendered":"<p>Red de ventas Nuestro equipo de t\u00e9cnicos profesionales est\u00e1 a su disposici\u00f3n y le acompa\u00f1ar\u00e1 para elaborar su proyecto con nuevas ideas y soluciones. Casa matriz ABET LAMINATI S.p.A. Viale Industria 2112042 Bra (CN)Italy +39 0172 419111info@abetlaminati.com ABET USA Inc N48W37031 E. Wisconsin AveOconomowoc, WI 53066-3146United States +1 262-567-4427sales.us@abetlaminati.com \u00a0\u00a0\u00a0 \u00a0 \u00a0\u00a0\u00a0 Agentes y Distribuidores [&hellip;]<\/p>\n","protected":false},"author":1,"featured_media":13640,"parent":0,"menu_order":0,"comment_status":"closed","ping_status":"closed","template":"","meta":{"_acf_changed":false,"footnotes":""},"class_list":["post-17562","page","type-page","status-publish","has-post-thumbnail","hentry"],"acf":[],"_links":{"self":[{"href":"https:\/\/abetlaminati.com\/es\/wp-json\/wp\/v2\/pages\/17562","targetHints":{"allow":["GET"]}}],"collection":[{"href":"https:\/\/abetlaminati.com\/es\/wp-json\/wp\/v2\/pages"}],"about":[{"href":"https:\/\/abetlaminati.com\/es\/wp-json\/wp\/v2\/types\/page"}],"author":[{"embeddable":true,"href":"https:\/\/abetlaminati.com\/es\/wp-json\/wp\/v2\/users\/1"}],"replies":[{"embeddable":true,"href":"https:\/\/abetlaminati.com\/es\/wp-json\/wp\/v2\/comments?post=17562"}],"version-history":[{"count":16,"href":"https:\/\/abetlaminati.com\/es\/wp-json\/wp\/v2\/pages\/17562\/revisions"}],"predecessor-version":[{"id":31031,"href":"https:\/\/abetlaminati.com\/es\/wp-json\/wp\/v2\/pages\/17562\/revisions\/31031"}],"wp:featuredmedia":[{"embeddable":true,"href":"https:\/\/abetlaminati.com\/es\/wp-json\/wp\/v2\/media\/13640"}],"wp:attachment":[{"href":"https:\/\/abetlaminati.com\/es\/wp-json\/wp\/v2\/media?parent=17562"}],"curies":[{"name":"wp","href":"https:\/\/api.w.org\/{rel}","templated":true}]}}